{"id":6,"date":"2025-11-08T23:31:47","date_gmt":"2025-11-08T20:31:47","guid":{"rendered":"https:\/\/www.porschsyn.com\/de\/?page_id=6"},"modified":"2025-11-11T20:47:32","modified_gmt":"2025-11-11T17:47:32","slug":"uber-uns","status":"publish","type":"page","link":"https:\/\/www.porschsyn.com\/de\/uber-uns\/","title":{"rendered":"\u00dcber Uns"},"content":{"rendered":"\n<p>PORSCHSYN ist ein globaler Hersteller, der seit 25 Jahren Automobil- und Industrieschmierstoffe sowie Fahrzeugpflegeprodukte produziert und vertreibt. Mit einer modernen Laborinfrastruktur, hochentwickelten Produktionsanlagen und strengen Qualit\u00e4tskontrollprozessen konzentrieren wir uns darauf, die Leistung von Motoren und Maschinen zu maximieren.<br>Alle Prozesse erfolgen gem\u00e4\u00df dem deutschen Qualit\u00e4tsmanagementsystem. Unsere Produkte werden nach DIN-Normen und OEM-Spezifikationen (Original Equipment Manufacturer) formuliert und w\u00e4hrend der gesamten Produktion nach deutschen Qualit\u00e4tsstandards getestet. Die Qualit\u00e4tssicherung wird durch r\u00fcckverfolgbare Produktionsprozesse, Laborpr\u00fcfungen und chargenbasierte Kontrollsysteme unterst\u00fctzt.<br>Dank eines starken internationalen Vertriebsnetzes exportiert PORSCHSYN nach Amerika, Europa, Nahost, Afrika, Asien und Australien. Unser Portfolio umfasst Motor\u00f6le f\u00fcr PKW und leichte Nutzfahrzeuge, Schwerlast-Motor\u00f6le, Motorrad\u00f6le, Automatikgetriebe- und Getriebe\u00f6le, Industrie\u00f6le, Fette und Fahrzeugpflegeprodukte.<\/p>\n\n\n\n<h2 class=\"wp-block-heading\">Vision<\/h2>\n\n\n\n<p><br>Eine weltweit f\u00fchrende Marke f\u00fcr Schmierstoffe zu werden, die deutsche Ingenieursdisziplin und nachhaltige Hochleistungsprodukte repr\u00e4sentiert.<\/p>\n\n\n\n<h2 class=\"wp-block-heading\">Mission<\/h2>\n\n\n\n<p><br>Schmierstoffe mit spezieller Formulierung anzubieten, die die Lebensdauer und Effizienz von Fahrzeugen und Maschinen erh\u00f6hen und durch Innovation neue Branchenstandards setzen.<\/p>\n","protected":false},"excerpt":{"rendered":"<p>PORSCHSYN ist ein globaler Hersteller, der seit 25 Jahren Automobil- und Industrieschmierstoffe sowie Fahrzeugpflegeprodukte produziert und vertreibt. Mit einer modernen Laborinfrastruktur, hochentwickelten Produktionsanlagen und strengen Qualit\u00e4tskontrollprozessen konzentrieren wir uns darauf, die Leistung von Motoren und Maschinen zu maximieren.Alle Prozesse erfolgen gem\u00e4\u00df dem deutschen Qualit\u00e4tsmanagementsystem. Unsere Produkte werden nach DIN-Normen und OEM-Spezifikationen (Original Equipment Manufacturer) formuliert [&hellip;]<\/p>\n","protected":false},"author":1,"featured_media":0,"parent":0,"menu_order":0,"comment_status":"closed","ping_status":"closed","template":"","meta":{"footnotes":""},"class_list":["post-6","page","type-page","status-publish","hentry"],"_links":{"self":[{"href":"https:\/\/www.porschsyn.com\/de\/wp-json\/wp\/v2\/pages\/6","targetHints":{"allow":["GET"]}}],"collection":[{"href":"https:\/\/www.porschsyn.com\/de\/wp-json\/wp\/v2\/pages"}],"about":[{"href":"https:\/\/www.porschsyn.com\/de\/wp-json\/wp\/v2\/types\/page"}],"author":[{"embeddable":true,"href":"https:\/\/www.porschsyn.com\/de\/wp-json\/wp\/v2\/users\/1"}],"replies":[{"embeddable":true,"href":"https:\/\/www.porschsyn.com\/de\/wp-json\/wp\/v2\/comments?post=6"}],"version-history":[{"count":3,"href":"https:\/\/www.porschsyn.com\/de\/wp-json\/wp\/v2\/pages\/6\/revisions"}],"predecessor-version":[{"id":14,"href":"https:\/\/www.porschsyn.com\/de\/wp-json\/wp\/v2\/pages\/6\/revisions\/14"}],"wp:attachment":[{"href":"https:\/\/www.porschsyn.com\/de\/wp-json\/wp\/v2\/media?parent=6"}],"curies":[{"name":"wp","href":"https:\/\/api.w.org\/{rel}","templated":true}]}}